{"id":227,"date":"2019-01-07T15:07:41","date_gmt":"2019-01-07T15:07:41","guid":{"rendered":"http:\/\/icom-canada.icom.cust.oxymium.net\/newsletter\/may-2012-e-newsletter\/"},"modified":"2019-01-07T15:09:53","modified_gmt":"2019-01-07T15:09:53","slug":"may-2012-e-newsletter","status":"publish","type":"page","link":"https:\/\/icom-canada.mini.icom.museum\/en\/newsletter\/may-2012-e-newsletter\/","title":{"rendered":"May 2012 E-Newsletter"},"content":{"rendered":"<div id=\"RTE_CONTENT\"> <!--TYPO3SEARCH_begin--> \t<!--  CONTENT ELEMENT, uid:8084\/textpic [begin] --> \t\t<\/p>\n<div id=\"c8084\"> \t\t<!--  Image block: [begin] --> \t\t\t<\/p>\n<div>\n<div>\n<dl>\n<dt><img decoding=\"async\" src=\"http:\/\/icom-canada.mini.icom.museum\/wp-content\/uploads\/sites\/32\/2019\/01\/Manon_Medaille_01.jpg\" alt=\"\"><\/dt>\n<dd>Manon Blanchette, ICOM Canada President, receives the Queen Elizabeth II Diamond Jubilee Medal.<\/dd>\n<\/dl>\n<\/div>\n<div> \t\t<!--  Text: [begin] --> \t\t\t<\/p>\n<h3>\u00a0<\/h3>\n<h3>Message from the President of ICOM Canada<\/h3>\n<h2>News from ICOM Canada<\/h2>\n<p>The Annual General Meeting of ICOM Canada was held in Gatineau on April 25 with a high attendance rate of members. Both the President and the Treasurer\u2019s report were filed, as well as the Audited financial statements for 2010 and 2011. <\/p>\n<p>\u00a0<\/p>\n<p>Mary Bradshaw, director of the Yukon Arts Centre Public Art Gallery was re-elected for a second term. ICOM also welcomed two new members of the Board: Viviane Gosselin, curator of contemporary issues at the Vancouver Museum, and Elka Weinstein, Museum &amp; Heritage Programs advisor at the Ministry of Tourism, Culture and Sports of Ontario. These new members will have the mandate to showcase Canada&#8217;s museums, both abroad and at home, and participate in their development. <\/p>\n<p>\u00a0<\/p>\n<p>Bernard Schiele, from the Universit\u00e9 de Qu\u00e9bec \u00e0 Montreal was awarded ICOM Canada&#8217;s International Achievement Award. <\/p>\n<p>\u00a0<\/p>\n<p>The workshop of the President on ICOM International\u2019s activities and governance was well attended and was found to be a very useful presentation in understanding the management of a multinational organization such as ICOM. <\/p>\n<p>   The President, Manon Blanchette, was awarded the <a href=\"http:\/\/pacmusee.qc.ca\/en\/news\/manon-blanchette-receives-diamond-jubilee-medal\" target=\"_blank\">Diamond Jubilee of Queen Elizabeth II<\/a>. <\/p>\n<p>\u00a0<\/p>\n<p>Manon Blanchette Ph.D. <br \/>   President<br \/> ICOM Canada<\/p>\n<p> \t\t<!--  Text: [end] --> \t\t\t<\/div>\n<\/p><\/div>\n<div><!-- --><\/div>\n<p> \t\t<!--  Image block: [end] --> \t\t\t   \t<!--  \t\tBEGIN: Content of extension \"hpo_relatedlink\", plugin \"tx_hporelatedlink_pi1\"  \t--> \t<\/p>\n<div> \t\t \t<\/div>\n<p> \t \t<!-- END: Content of extension \"hpo_relatedlink\", plugin \"tx_hporelatedlink_pi1\" -->  \t<\/div>\n<p> \t<!--  CONTENT ELEMENT, uid:8084\/textpic [end] --> \t\t<!--TYPO3SEARCH_end--> <\/div>\n","protected":false},"excerpt":{"rendered":"<p>Manon Blanchette, ICOM Canada President, receives the Queen Elizabeth II Diamond Jubilee Medal. \u00a0 Message from the President of ICOM Canada News from ICOM Canada The Annual General Meeting of ICOM Canada was held in Gatineau on April 25 with a high attendance rate of members. Both the President and the Treasurer\u2019s report were filed, [&hellip;]<\/p>\n","protected":false},"author":1,"featured_media":0,"parent":131,"menu_order":8,"comment_status":"closed","ping_status":"closed","template":"","meta":{"footnotes":""},"yst_prominent_words":[],"class_list":["post-227","page","type-page","status-publish","hentry"],"acf":[],"_links":{"self":[{"href":"https:\/\/icom-canada.mini.icom.museum\/en\/wp-json\/wp\/v2\/pages\/227","targetHints":{"allow":["GET"]}}],"collection":[{"href":"https:\/\/icom-canada.mini.icom.museum\/en\/wp-json\/wp\/v2\/pages"}],"about":[{"href":"https:\/\/icom-canada.mini.icom.museum\/en\/wp-json\/wp\/v2\/types\/page"}],"author":[{"embeddable":true,"href":"https:\/\/icom-canada.mini.icom.museum\/en\/wp-json\/wp\/v2\/users\/1"}],"replies":[{"embeddable":true,"href":"https:\/\/icom-canada.mini.icom.museum\/en\/wp-json\/wp\/v2\/comments?post=227"}],"version-history":[{"count":1,"href":"https:\/\/icom-canada.mini.icom.museum\/en\/wp-json\/wp\/v2\/pages\/227\/revisions"}],"predecessor-version":[{"id":509,"href":"https:\/\/icom-canada.mini.icom.museum\/en\/wp-json\/wp\/v2\/pages\/227\/revisions\/509"}],"up":[{"embeddable":true,"href":"https:\/\/icom-canada.mini.icom.museum\/en\/wp-json\/wp\/v2\/pages\/131"}],"wp:attachment":[{"href":"https:\/\/icom-canada.mini.icom.museum\/en\/wp-json\/wp\/v2\/media?parent=227"}],"wp:term":[{"taxonomy":"yst_prominent_words","embeddable":true,"href":"https:\/\/icom-canada.mini.icom.museum\/en\/wp-json\/wp\/v2\/yst_prominent_words?post=227"}],"curies":[{"name":"wp","href":"https:\/\/api.w.org\/{rel}","templated":true}]}}