{"id":149,"date":"2019-01-07T15:06:49","date_gmt":"2019-01-07T15:06:49","guid":{"rendered":"http:\/\/icom-canada.icom.cust.oxymium.net\/who-we-are\/the-board\/"},"modified":"2019-01-07T15:09:55","modified_gmt":"2019-01-07T15:09:55","slug":"the-board","status":"publish","type":"page","link":"https:\/\/icom-canada.mini.icom.museum\/en\/who-we-are\/the-board\/","title":{"rendered":"The board"},"content":{"rendered":"<div id=\"RTE_CONTENT\"> <!--TYPO3SEARCH_begin--> \t<!--  CONTENT ELEMENT, uid:2530\/text [begin] --> \t\t<\/p>\n<div id=\"c2530\"> \t\t<!--  Header: [begin] --> \t\t\t<\/p>\n<h2>2017-2018<\/h2>\n<p> \t\t<!--  Header: [end] --> \t\t\t \t\t<!--  Text: [begin] --> \t\t\t<\/p>\n<h3> <strong>President\u00a0<br \/><\/strong><span>(on leave)<\/span><br \/>\u00a0<\/h3>\n<h3> <strong>Acting President\u00a0<br \/><\/strong><strong>Marie Lalonde<br \/><\/strong><span>Ontario Museum Association<br \/><a href=\"mailto:marie@museumsontario.com\">mlalonde@museumsontario.ca<\/a><\/span> <\/h3>\n<p>\u00a0<\/p>\n<h3> <strong>Viviane Gosselin<\/strong><br \/><span>Museum of Vancouver<br \/><a href=\"mailto:moira.mccaffrey@camdo.ca\">vgosselin@museumofvancouver.ca<\/a>\u00a0<\/span> <\/h3>\n<p>\u00a0<\/p>\n<h3> <strong>Treasurer<br \/><\/strong><strong>Elka Weinstein, PhD \u00a0 \u00a0 \u00a0 \u00a0 \u00a0 \u00a0 \u00a0 \u00a0 \u00a0 \u00a0 \u00a0 \u00a0 \u00a0 \u00a0 \u00a0 \u00a0 \u00a0 \u00a0 \u00a0 \u00a0 \u00a0 \u00a0 \u00a0 \u00a0 \u00a0 \u00a0 \u00a0 \u00a0 \u00a0 \u00a0 \u00a0 \u00a0 \u00a0 \u00a0 \u00a0 \u00a0 \u00a0 \u00a0<br \/><\/strong><span>Ontario Ministry of Tourism, Culture and Sport \u00a0 \u00a0 \u00a0 \u00a0 \u00a0 \u00a0 \u00a0 \u00a0 \u00a0 \u00a0<br \/><a href=\"mailto:elkaweinstein@gmail.com\">elkaweinstein@gmail.com<\/a>\u00a0<\/span> <\/h3>\n<p>\u00a0<\/p>\n<h3><strong>Directors<\/strong><\/h3>\n<h3> <strong>Moira McCaffrey<br \/><\/strong><span>Executive Director, CAMDO-ODMAC<br \/><a href=\"mailto:moira.mccaffrey@camdo.ca\">moira.mccaffrey@camdo.ca<\/a>\u00a0<\/span> <\/h3>\n<p>\u00a0<\/p>\n<h3> <strong>Jennifer Carter, PhD<br \/><\/strong><span>Directrice, Cycles sup\u00e9rieurs en mus\u00e9ologie Professeure<br \/>D\u00e9partement d&#8217;histoire de l&#8217;art Facult\u00e9 des arts Universit\u00e9 du Qu\u00e9bec \u00e0 Montr\u00e9al<br \/><a href=\"mailto:carter.jennifer@uqam.ca\">carter.jennifer@uqam.ca<\/a>\u00a0<\/span> <\/h3>\n<p>\u00a0<\/p>\n<h3> <strong>George Jacob<br \/><\/strong><span>Bay.org \/ Bay.Ecotarium<br \/><a href=\"mailto:george@bay.org\">george@bay.org<\/a>\u00a0<br \/>\u00a0<\/span> <\/h3>\n<h3> <strong>Me Michele Rivet, Ad. E <\/strong>\u00a0 \u00a0 \u00a0 \u00a0 \u00a0 \u00a0 \u00a0 \u00a0 \u00a0 \u00a0 \u00a0 \u00a0 \u00a0 \u00a0 \u00a0 \u00a0 \u00a0 \u00a0 \u00a0 \u00a0 \u00a0 \u00a0 \u00a0 \u00a0 \u00a0 \u00a0 \u00a0 \u00a0 \u00a0 \u00a0 \u00a0 \u00a0 \u00a0 \u00a0 \u00a0 <span>Advocate-museologue,<\/span>\u00a0<span>Consultant\u00a0en droits de la personne<\/span> <\/h3>\n<h3><span><a href=\"mailto:michele.rivet2010@gmail.com\">michele.rivet2010@gmail.com<\/a><\/span><\/h3>\n<p>\u00a0<\/p>\n<h3> <span><span>Shabn<\/span><span>am Inanloo Dailoo, PhD<br \/><\/span><\/span><span><span><span>Direct<\/span><span>or \/ Associate Professor<br \/><\/span><\/span><span><span>H<\/span><span>e<\/span><span>r<\/span><span>i<\/span><span>t<\/span><span>a<\/span><span>ge Resources Management Progra<\/span><span>m,\u00a0<\/span><\/span><span>Historical Resources Intern Program<br \/><\/span><span>Faculty of Humanities and Social Sciences,\u00a0<\/span><span>Athabasca University<br \/><\/span><span><span><a href=\"mailto:inanloo@athabascau.ca\" title=\"Opens window for sending email\">inanloo@athabascau.ca<\/a><\/span><\/span><\/span> <\/h3>\n<p> \t\t<!--  Text: [end] --> \t\t\t   \t<!--  \t\tBEGIN: Content of extension \"hpo_relatedlink\", plugin \"tx_hporelatedlink_pi1\"  \t--> \t<\/p>\n<div> \t\t \t<\/div>\n<p> \t \t<!-- END: Content of extension \"hpo_relatedlink\", plugin \"tx_hporelatedlink_pi1\" -->  \t<\/div>\n<p> \t<!--  CONTENT ELEMENT, uid:2530\/text [end] --> \t\t<!--TYPO3SEARCH_end--> <\/div>\n","protected":false},"excerpt":{"rendered":"<p>2017-2018 President\u00a0(on leave)\u00a0 Acting President\u00a0Marie LalondeOntario Museum Associationmlalonde@museumsontario.ca \u00a0 Viviane GosselinMuseum of Vancouvervgosselin@museumofvancouver.ca\u00a0 \u00a0 TreasurerElka Weinstein, PhD \u00a0 \u00a0 \u00a0 \u00a0 \u00a0 \u00a0 \u00a0 \u00a0 \u00a0 \u00a0 \u00a0 \u00a0 \u00a0 \u00a0 \u00a0 \u00a0 \u00a0 \u00a0 \u00a0 \u00a0 \u00a0 \u00a0 \u00a0 \u00a0 \u00a0 \u00a0 \u00a0 \u00a0 \u00a0 \u00a0 \u00a0 \u00a0 \u00a0 \u00a0 \u00a0 \u00a0 \u00a0 \u00a0Ontario [&hellip;]<\/p>\n","protected":false},"author":1,"featured_media":0,"parent":129,"menu_order":3,"comment_status":"closed","ping_status":"closed","template":"","meta":{"footnotes":""},"yst_prominent_words":[],"class_list":["post-149","page","type-page","status-publish","hentry"],"acf":[],"_links":{"self":[{"href":"https:\/\/icom-canada.mini.icom.museum\/en\/wp-json\/wp\/v2\/pages\/149","targetHints":{"allow":["GET"]}}],"collection":[{"href":"https:\/\/icom-canada.mini.icom.museum\/en\/wp-json\/wp\/v2\/pages"}],"about":[{"href":"https:\/\/icom-canada.mini.icom.museum\/en\/wp-json\/wp\/v2\/types\/page"}],"author":[{"embeddable":true,"href":"https:\/\/icom-canada.mini.icom.museum\/en\/wp-json\/wp\/v2\/users\/1"}],"replies":[{"embeddable":true,"href":"https:\/\/icom-canada.mini.icom.museum\/en\/wp-json\/wp\/v2\/comments?post=149"}],"version-history":[{"count":1,"href":"https:\/\/icom-canada.mini.icom.museum\/en\/wp-json\/wp\/v2\/pages\/149\/revisions"}],"predecessor-version":[{"id":520,"href":"https:\/\/icom-canada.mini.icom.museum\/en\/wp-json\/wp\/v2\/pages\/149\/revisions\/520"}],"up":[{"embeddable":true,"href":"https:\/\/icom-canada.mini.icom.museum\/en\/wp-json\/wp\/v2\/pages\/129"}],"wp:attachment":[{"href":"https:\/\/icom-canada.mini.icom.museum\/en\/wp-json\/wp\/v2\/media?parent=149"}],"wp:term":[{"taxonomy":"yst_prominent_words","embeddable":true,"href":"https:\/\/icom-canada.mini.icom.museum\/en\/wp-json\/wp\/v2\/yst_prominent_words?post=149"}],"curies":[{"name":"wp","href":"https:\/\/api.w.org\/{rel}","templated":true}]}}